{"id":977,"date":"2018-10-09T10:24:58","date_gmt":"2018-10-09T09:24:58","guid":{"rendered":"https:\/\/www.mdivingshow.com\/?page_id=977"},"modified":"2026-03-15T15:08:32","modified_gmt":"2026-03-15T14:08:32","slug":"inici","status":"publish","type":"page","link":"https:\/\/www.mdivingshow.com\/ca\/","title":{"rendered":"Inici"},"content":{"rendered":"<\/div><\/div><\/div><!-- close content main div --><\/div><\/div><div id='full_slider_1' class='avia-fullwidth-slider main_color avia-shadow  av-small-hide av-mini-hide   container_wrap sidebar_right'   ><div  data-size='portada_large'  data-lightbox_size='large'  data-animation='fade'  data-ids='8192,8189,8186,8183,8180,8177,8174'  data-video_counter='0'  data-autoplay='true'  data-bg_slider='false'  data-slide_height=''  data-handle='av_slideshow_full'  data-interval='40'  data-class=' '  data-css_id=''  data-scroll_down=''  data-control_layout='av-control-minimal'  data-custom_markup=''  data-perma_caption='aviaTBperma_caption'  data-autoplay_stopper=''  data-image_attachment=''  data-min_height='400px'  data-src=''  data-position='top left'  data-repeat='no-repeat'  data-attach='scroll'  data-stretch=''  data-default-height='48'  class='avia-slideshow avia-slideshow-1  av-control-minimal av-default-height-applied avia-slideshow-portada_large av_slideshow_full   avia-fade-slider '  itemscope=\"itemscope\" itemtype=\"https:\/\/schema.org\/ImageObject\" ><ul class='avia-slideshow-inner' style='padding-bottom: 48%;'><li  class=' slide-1 ' ><div data-rel='slideshow-1' class='avia-slide-wrap'  ><img src='https:\/\/www.mdivingshow.com\/wp-content\/uploads\/2024\/04\/mediterranean-diving-show-2024-1-1500x720.jpg' width='1500' height='720' title='mediterranean-diving-show-2024-1' alt=''  itemprop=\"thumbnailUrl\"  style='min-height:400px; min-width:834px; ' \/><div class='av-section-color-overlay' style='opacity: 0.3; background-color: #000000; '><\/div><\/div><\/li><li  class=' slide-2 ' ><div data-rel='slideshow-1' class='avia-slide-wrap'  ><img src='https:\/\/www.mdivingshow.com\/wp-content\/uploads\/2024\/04\/mediterranean-diving-show-2024-2-1500x720.jpg' width='1500' height='720' title='mediterranean-diving-show-2024-2' alt=''  itemprop=\"thumbnailUrl\"  style='min-height:400px; min-width:834px; ' \/><div class='av-section-color-overlay' style='opacity: 0.3; background-color: #000000; '><\/div><\/div><\/li><li  class=' slide-3 ' ><div data-rel='slideshow-1' class='avia-slide-wrap'  ><img src='https:\/\/www.mdivingshow.com\/wp-content\/uploads\/2024\/04\/mediterranean-diving-show-2024-3-1500x720.jpg' width='1500' height='720' title='mediterranean-diving-show-2024-3' alt=''  itemprop=\"thumbnailUrl\"  style='min-height:400px; min-width:834px; ' \/><div class='av-section-color-overlay' style='opacity: 0.3; background-color: #000000; '><\/div><\/div><\/li><li  class=' slide-4 ' ><div data-rel='slideshow-1' class='avia-slide-wrap'  ><img src='https:\/\/www.mdivingshow.com\/wp-content\/uploads\/2024\/04\/mediterranean-diving-show-2024-4-1500x720.jpg' width='1500' height='720' title='mediterranean-diving-show-2024-4' alt=''  itemprop=\"thumbnailUrl\"  style='min-height:400px; min-width:834px; ' \/><div class='av-section-color-overlay' style='opacity: 0.3; background-color: #000000; '><\/div><\/div><\/li><li  class=' slide-5 ' ><div data-rel='slideshow-1' class='avia-slide-wrap'  ><img src='https:\/\/www.mdivingshow.com\/wp-content\/uploads\/2024\/04\/mediterranean-diving-show-2024-5-1500x720.jpg' width='1500' height='720' title='mediterranean-diving-show-2024-5' alt=''  itemprop=\"thumbnailUrl\"  style='min-height:400px; min-width:834px; ' \/><div class='av-section-color-overlay' style='opacity: 0.3; background-color: #000000; '><\/div><\/div><\/li><li  class=' slide-6 ' ><div data-rel='slideshow-1' class='avia-slide-wrap'  ><img src='https:\/\/www.mdivingshow.com\/wp-content\/uploads\/2024\/04\/mediterranean-diving-show-2024-6-1500x720.jpg' width='1500' height='720' title='mediterranean-diving-show-2024-6' alt=''  itemprop=\"thumbnailUrl\"  style='min-height:400px; min-width:834px; ' \/><div class='av-section-color-overlay' style='opacity: 0.3; background-color: #000000; '><\/div><\/div><\/li><li  class=' slide-7 ' ><div data-rel='slideshow-1' class='avia-slide-wrap'  ><img src='https:\/\/www.mdivingshow.com\/wp-content\/uploads\/2024\/04\/mediterranean-diving-show-2024-7-1500x720.jpg' width='1500' height='720' title='mediterranean-diving-show-2024-7' alt=''  itemprop=\"thumbnailUrl\"  style='min-height:400px; min-width:834px; ' \/><div class='av-section-color-overlay' style='opacity: 0.3; background-color: #000000; '><\/div><\/div><\/li><\/ul><div class='avia-slideshow-arrows avia-slideshow-controls'><a href='#prev' class='prev-slide' aria-hidden='true' data-av_icon='\ue87c' data-av_iconfont='entypo-fontello'>Anterior<\/a><a href='#next' class='next-slide' aria-hidden='true' data-av_icon='\ue87d' data-av_iconfont='entypo-fontello'>Seg\u00fcent<\/a><\/div><div class='avia-slideshow-dots avia-slideshow-controls'><a href='#1' class='goto-slide active' >1<\/a><a href='#2' class='goto-slide ' >2<\/a><a href='#3' class='goto-slide ' >3<\/a><a href='#4' class='goto-slide ' >4<\/a><a href='#5' class='goto-slide ' >5<\/a><a href='#6' class='goto-slide ' >6<\/a><a href='#7' class='goto-slide ' >7<\/a><\/div><div class = \"caption_fullwidth av-slideshow-caption caption_center caption_center_framed caption_framed\"><div class = \"container caption_container\"><div class = \"slideshow_caption\"><div class = \"slideshow_inner_caption\"><div class = \"slideshow_align_caption\"><h2  style='font-size:50px; ' class='avia-caption-title '  itemprop=\"name\" >Mediterranean Diving Show<\/h2><div class='avia-caption-content  av_inherit_color'  itemprop=\"description\"   style='font-size:30px; '><p>GR\u00c0CIES!<\/p>\n<\/div><\/div><\/div><\/div><\/div><\/div><\/div><\/div>\n<div class=\"flex_column av_one_third  flex_column_div av-zero-column-padding first  \" style='border-radius:0px; '><div class='avia-image-container  av-styling-     avia-align-center '  itemscope=\"itemscope\" itemtype=\"https:\/\/schema.org\/ImageObject\"  ><div class='avia-image-container-inner'><a href='https:\/\/www.mdivingshow.com\/en\/inicio\/postermdshow23-a3cat_2023-2\/' class='avia_image'   target=\"_blank\" ><img class='avia_image ' src='https:\/\/www.mdivingshow.com\/wp-content\/uploads\/2026\/03\/PosterMDshow_generico-scaled.jpg' alt='' title='PosterMDshow_generico'  itemprop=\"thumbnailUrl\"  \/><\/a><\/div><\/div><\/div>\n<div class=\"flex_column av_two_third  flex_column_div av-zero-column-padding   \" style='border-radius:0px; '><p><div style='height:15px' class='hr hr-invisible  av-small-hide av-mini-hide '><span class='hr-inner ' ><span class='hr-inner-style'><\/span><\/span><\/div><br \/>\n<section class=\"av_textblock_section \"  itemscope=\"itemscope\" itemtype=\"https:\/\/schema.org\/CreativeWork\" ><div class='avia_textblock  '   itemprop=\"text\" ><p><img decoding=\"async\" class=\"avia_image aligncenter\" style=\"width: 65%;\" title=\"MDShow_Color_Hpq\" src=\"https:\/\/www.mdivingshow.com\/wp-content\/uploads\/2018\/10\/MDShow_Color_Hpq-1030x309.png\" alt=\"\" \/><\/p>\n<\/div><\/section><br \/>\n<section class=\"av_textblock_section \"  itemscope=\"itemscope\" itemtype=\"https:\/\/schema.org\/CreativeWork\" ><div class='avia_textblock  '   itemprop=\"text\" ><p>La 26a edici\u00f3 del <strong>Mediterranean Diving Show<\/strong> arriba a la seva fi i, una vegada m\u00e9s, ens deixa alguna cosa m\u00e9s que un esdeveniment: ens deixa comunitat, passi\u00f3 i mar.<\/p>\n<p>Durant aquests dies, el MDS ha tornat a convertir-se en el gran punt de trobada del busseig al nostre pa\u00eds. Professionals, centres de busseig, marques, destinacions i aficionats hem compartit un mateix llenguatge: l\u2019amor per l\u2019oce\u00e0 i per tot all\u00f2 que ens uneix sota l\u2019aigua.<\/p>\n<p><strong>A tots els expositors<\/strong>, gr\u00e0cies per la vostra confian\u00e7a, per continuar apostant per aquest espai com a aparador, punt de trobada i motor del sector. La vostra pres\u00e8ncia \u00e9s la que dona vida a cada edici\u00f3 i la que fa possible que el Mediterranean Diving Show segueixi sent un referent.<\/p>\n<p><strong>I a tots els visitants<\/strong>, gr\u00e0cies per acompanyar-nos una vegada m\u00e9s, per la vostra curiositat, la vostra passi\u00f3 i per omplir cada passad\u00eds d\u2019hist\u00f2ries, somnis i projectes que comencen \u2014o continuen\u2014 sota el mar.<\/p>\n<p><strong>Entre tots seguim construint el Mediterranean Diving Show.<\/strong><br \/>\nEns acomiadem d\u2019aquesta 26a edici\u00f3 amb orgull, emoci\u00f3 i la mirada posada ja a l\u2019horitz\u00f3.<\/p>\n<p>Gr\u00e0cies per formar part d\u2019aquesta hist\u00f2ria. Ens veiem a la pr\u00f2xima immersi\u00f3.<\/p>\n<\/div><\/section><br \/>\n<div class='avia-button-wrap avia-button-center  '><a href='https:\/\/www.mdivingshow.com\/wp-content\/uploads\/2026\/03\/Catalogo-Expositores-2026.pdf' class='avia-button av-icon-on-hover  avia-icon_select-yes-right-icon avia-color-theme-color avia-size-large avia-position-center '  target=\"_blank\"   ><span class='avia_iconbox_title' >Expositors 2026<\/span><span class='avia_button_icon avia_button_icon_right' aria-hidden='true' data-av_icon='\ue879' data-av_iconfont='entypo-fontello'><\/span><\/a><\/div><br \/>\n<div class='avia-button-wrap avia-button-center  '><a href='https:\/\/www.mdivingshow.com\/ca\/premsa\/' class='avia-button av-icon-on-hover  avia-icon_select-yes-right-icon avia-color-theme-color avia-size-large avia-position-center '  target=\"_blank\"   ><span class='avia_iconbox_title' >Premsa <\/span><span class='avia_button_icon avia_button_icon_right' aria-hidden='true' data-av_icon='\ue879' data-av_iconfont='entypo-fontello'><\/span><\/a><\/div><\/p><\/div>\n<div style='height:50px' class='hr hr-invisible  '><span class='hr-inner ' ><span class='hr-inner-style'><\/span><\/span><\/div>\n","protected":false},"excerpt":{"rendered":"","protected":false},"author":1,"featured_media":0,"parent":0,"menu_order":0,"comment_status":"closed","ping_status":"open","template":"","meta":{"footnotes":""},"_links":{"self":[{"href":"https:\/\/www.mdivingshow.com\/ca\/wp-json\/wp\/v2\/pages\/977"}],"collection":[{"href":"https:\/\/www.mdivingshow.com\/ca\/wp-json\/wp\/v2\/pages"}],"about":[{"href":"https:\/\/www.mdivingshow.com\/ca\/wp-json\/wp\/v2\/types\/page"}],"author":[{"embeddable":true,"href":"https:\/\/www.mdivingshow.com\/ca\/wp-json\/wp\/v2\/users\/1"}],"replies":[{"embeddable":true,"href":"https:\/\/www.mdivingshow.com\/ca\/wp-json\/wp\/v2\/comments?post=977"}],"version-history":[{"count":209,"href":"https:\/\/www.mdivingshow.com\/ca\/wp-json\/wp\/v2\/pages\/977\/revisions"}],"predecessor-version":[{"id":9370,"href":"https:\/\/www.mdivingshow.com\/ca\/wp-json\/wp\/v2\/pages\/977\/revisions\/9370"}],"wp:attachment":[{"href":"https:\/\/www.mdivingshow.com\/ca\/wp-json\/wp\/v2\/media?parent=977"}],"curies":[{"name":"wp","href":"https:\/\/api.w.org\/{rel}","templated":true}]}}