{"id":1031,"date":"2018-10-09T11:01:16","date_gmt":"2018-10-09T10:01:16","guid":{"rendered":"https:\/\/www.mdivingshow.com\/?page_id=1031"},"modified":"2026-03-03T08:42:32","modified_gmt":"2026-03-03T07:42:32","slug":"activitats-paralel-les","status":"publish","type":"page","link":"https:\/\/www.mdivingshow.com\/ca\/activitats-paralel-les\/","title":{"rendered":"Activitats paral\u00b7leles"},"content":{"rendered":"<\/div><\/div><\/div><!-- close content main div --><\/div><\/div><div id='av_section_1' class='avia-section main_color avia-section-large avia-no-border-styling avia-full-stretch av-parallax-section av-section-color-overlay-active avia-bg-style-parallax   container_wrap sidebar_right'  data-section-bg-repeat='stretch' ><div class='av-parallax' data-avia-parallax-ratio='0.3' ><div class='av-parallax-inner main_color  avia-full-stretch' style = 'background-repeat: no-repeat; background-image: url(https:\/\/www.mdivingshow.com\/wp-content\/uploads\/2018\/10\/slider-actividadespara.jpg); background-attachment: scroll; background-position: center center; ' ><\/div><\/div><div class='av-section-color-overlay-wrap'><div class='av-section-color-overlay' style='opacity: 0.4; background-color: #000000; '><\/div><div class='container' ><div class='template-page content  av-content-small alpha units'><div class='post-entry post-entry-type-page post-entry-1031'><div class='entry-content-wrapper clearfix'>\n<div style='padding-bottom:10px;color:#ffffff;font-size:70px;' class='av-special-heading av-special-heading-h6 custom-color-heading blockquote modern-quote modern-centered  av-inherit-size '><h6 class='av-special-heading-tag '  itemprop=\"headline\"  >Activitats paral\u00b7leles<\/h6><div class='special-heading-border'><div class='special-heading-inner-border' style='border-color:#ffffff'><\/div><\/div><\/div>\n<\/div><\/div><\/div><!-- close content main div --><\/div><\/div><\/div><div id='after_section_1' class='main_color av_default_container_wrap container_wrap sidebar_right'   ><div class='container' ><div class='template-page content  av-content-small alpha units'><div class='post-entry post-entry-type-page post-entry-1031'><div class='entry-content-wrapper clearfix'>\n<\/div><\/div><\/div><!-- close content main div --><\/div><\/div><div class='clear'><\/div><div id='sub_menu1' class='av-submenu-container main_color   av-sticky-submenu container_wrap sidebar_right'   style='z-index:301'><div class='container av-menu-mobile-disabled '><ul id='av-custom-submenu-1' class='av-subnav-menu av-submenu-pos-center'>\n<li class='menu-item menu-item-top-level  menu-item-top-level-1'><a href='#jornades-tecniques-i-jornades-professionals' ><span class='avia-bullet'><\/span><span class='avia-menu-text'>Jornades T\u00e8cniques i Jornades Professionals<\/span><\/a><\/li>\n<li class='menu-item menu-item-top-level  menu-item-top-level-2'><a href='#piscina' ><span class='avia-bullet'><\/span><span class='avia-menu-text'>Piscina<\/span><\/a><\/li>\n<li class='menu-item menu-item-top-level  menu-item-top-level-3'><a href='#zona-projeccions' ><span class='avia-bullet'><\/span><span class='avia-menu-text'>Zona projeccions<\/span><\/a><\/li>\n<\/ul><\/div><\/div><div class='sticky_placeholder'><\/div>\n<\/div><\/div><\/div><!-- close content main div --><\/div><\/div><div id='jornades-tecniques-i-jornades-professionals' class='av-layout-grid-container entry-content-wrapper main_color av-flex-cells    container_wrap sidebar_right'   >\n<div class=\"flex_cell no_margin av_one_half   \" style='vertical-align:middle; padding:50px; '><div class='flex_cell_inner' ><div class='avia-image-container  av-styling-     avia-align-center '  itemscope=\"itemscope\" itemtype=\"https:\/\/schema.org\/ImageObject\"  ><div class='avia-image-container-inner'><img class='avia_image ' src='https:\/\/www.mdivingshow.com\/wp-content\/uploads\/2023\/10\/76C1570B-4572-40BA-83F6-C3586EFEBD89.jpeg' alt='' title='76C1570B-4572-40BA-83F6-C3586EFEBD89'   itemprop=\"thumbnailUrl\"  \/><\/div><\/div>\n<\/div><\/div><div class=\"flex_cell no_margin av_one_half   \" style='vertical-align:middle; padding:50px; background-color:#ffffff; '><div class='flex_cell_inner' ><p><section class=\"av_textblock_section \"  itemscope=\"itemscope\" itemtype=\"https:\/\/schema.org\/CreativeWork\" ><div class='avia_textblock  av_inherit_color '  style='font-size:35px; color:#000000; '  itemprop=\"text\" ><p>Jornades T\u00e8cniques Professionals<\/p>\n<\/div><\/section><br \/>\n<section class=\"av_textblock_section \"  itemscope=\"itemscope\" itemtype=\"https:\/\/schema.org\/CreativeWork\" ><div class='avia_textblock  '   itemprop=\"text\" ><p>Atractiu programa dirigit a expositors i visitants. Tres dies de fira que es converteixen en el millor aparador per a la presentaci\u00f3 de materials, la projecci\u00f3 de diverses projeccions, debats, pon\u00e8ncies, i destins d&#8217;inter\u00e8s.<\/p>\n<p>Un f\u00f2rum de debat on es plantegen tem\u00e0tiques de profunda actualitat per als professionals i aficionats al busseig.<\/p>\n<p><a href=\"https:\/\/www.mdivingshow.com\/wp-content\/uploads\/2026\/02\/Programa-Jornadas-Tecnicas-2026.doc.pdf\" target=\"_blank\" rel=\"noopener\"><strong>Programa Jornades T\u00e8cniques Professionals 2026<\/strong><\/a><\/p>\n<\/div><\/section><\/p>\n<\/div><\/div>\n<\/div>\n<\/div><\/div><\/div><!-- close content main div --><\/div><\/div><div id='piscina' class='av-layout-grid-container entry-content-wrapper main_color av-flex-cells    container_wrap sidebar_right'   >\n<div class=\"flex_cell no_margin av_one_half   \" style='vertical-align:middle; padding:50px 50px 50px 100px ; '><div class='flex_cell_inner' ><p><section class=\"av_textblock_section \"  itemscope=\"itemscope\" itemtype=\"https:\/\/schema.org\/CreativeWork\" ><div class='avia_textblock  av_inherit_color '  style='font-size:35px; color:#000000; '  itemprop=\"text\" ><p>Piscina<\/p>\n<\/div><\/section><br \/>\n<section class=\"av_textblock_section \"  itemscope=\"itemscope\" itemtype=\"https:\/\/schema.org\/CreativeWork\" ><div class='avia_textblock  '   itemprop=\"text\" ><p>El Mediterranean Diving Show t\u00e9 una piscina climatitzada instal\u00b7lada a l&#8217;interior del recinte firal. S&#8217;hi poden fer demostraci\u00f3 de materials, exhibici\u00f3 de disciplines subaqu\u00e0tiques, batejos d&#8217;immersi\u00f3, tallers infantils, etc.<\/p>\n<p><a href=\"https:\/\/www.mdivingshow.com\/wp-content\/uploads\/2026\/03\/ProgramaPiscina2026_web.pdf\" target=\"_blank\" rel=\"noopener\"><strong>Activitats en la piscina del MDS 2026<\/strong><\/a><\/p>\n<\/div><\/section><\/p>\n<\/div><\/div><div class=\"flex_cell no_margin av_one_half   \" style='vertical-align:middle; padding:50px; background-color:#ffffff; '><div class='flex_cell_inner' ><div class='avia-image-container  av-styling-     avia-align-center '  itemscope=\"itemscope\" itemtype=\"https:\/\/schema.org\/ImageObject\"  ><div class='avia-image-container-inner'><img class='avia_image ' src='https:\/\/www.mdivingshow.com\/wp-content\/uploads\/2023\/03\/D97DD822-B6B4-4AA9-9316-8BD12B077ECE.jpeg' alt='' title='D97DD822-B6B4-4AA9-9316-8BD12B077ECE'   itemprop=\"thumbnailUrl\"  \/><\/div><\/div>\n<\/div><\/div><\/div><\/div><\/div><\/div><!-- close content main div --><\/div><\/div><div id='zona-projeccions' class='av-layout-grid-container entry-content-wrapper main_color av-flex-cells   av-desktop-hide av-medium-hide av-small-hide av-mini-hide   container_wrap sidebar_right'   >\n<div class=\"flex_cell no_margin av_one_half   \" style='vertical-align:middle; padding:50px 50px 50px 100px ; '><div class='flex_cell_inner' ><div class='avia-image-container  av-styling-     avia-align-center '  itemscope=\"itemscope\" itemtype=\"https:\/\/schema.org\/ImageObject\"  ><div class='avia-image-container-inner'><img class='avia_image ' src='https:\/\/www.mdivingshow.com\/wp-content\/uploads\/2022\/02\/proyeccionpelicula2020_web-2.jpg' alt='' title='proyeccionpelicula2020_web-2'   itemprop=\"thumbnailUrl\"  \/><\/div><\/div>\n<\/div><\/div><div class=\"flex_cell no_margin av_one_half    \" style='vertical-align:middle; padding:50px; background-color:#ffffff; '><div class='flex_cell_inner' ><p><section class=\"av_textblock_section \"  itemscope=\"itemscope\" itemtype=\"https:\/\/schema.org\/CreativeWork\" ><div class='avia_textblock  av_inherit_color '  style='font-size:35px; color:#000000; '  itemprop=\"text\" ><p>Zona de projeccions<\/p>\n<\/div><\/section><br \/>\n<section class=\"av_textblock_section \"  itemscope=\"itemscope\" itemtype=\"https:\/\/schema.org\/CreativeWork\" ><div class='avia_textblock  '   itemprop=\"text\" ><p><span style=\"color: #333399;\"><strong>Projeccions del Mediterranean Diving Show\u00a0<\/strong><\/span><\/p>\n<p>A la zona de projeccions hem dissenyat un programa de passis de documentals i pel\u00b7l\u00edcules de primer nivell.<\/p>\n<p>En breu disposarem del programa 2022<\/p>\n<\/div><\/section><br \/>\n<\/p>\n<\/div><\/div>\n<\/div><\/p>\n<div style='height:25px' class='hr hr-invisible   '><span class='hr-inner ' ><span class='hr-inner-style'><\/span><\/span><\/div>\n","protected":false},"excerpt":{"rendered":"","protected":false},"author":1,"featured_media":0,"parent":0,"menu_order":0,"comment_status":"closed","ping_status":"closed","template":"","meta":{"footnotes":""},"_links":{"self":[{"href":"https:\/\/www.mdivingshow.com\/ca\/wp-json\/wp\/v2\/pages\/1031"}],"collection":[{"href":"https:\/\/www.mdivingshow.com\/ca\/wp-json\/wp\/v2\/pages"}],"about":[{"href":"https:\/\/www.mdivingshow.com\/ca\/wp-json\/wp\/v2\/types\/page"}],"author":[{"embeddable":true,"href":"https:\/\/www.mdivingshow.com\/ca\/wp-json\/wp\/v2\/users\/1"}],"replies":[{"embeddable":true,"href":"https:\/\/www.mdivingshow.com\/ca\/wp-json\/wp\/v2\/comments?post=1031"}],"version-history":[{"count":67,"href":"https:\/\/www.mdivingshow.com\/ca\/wp-json\/wp\/v2\/pages\/1031\/revisions"}],"predecessor-version":[{"id":9279,"href":"https:\/\/www.mdivingshow.com\/ca\/wp-json\/wp\/v2\/pages\/1031\/revisions\/9279"}],"wp:attachment":[{"href":"https:\/\/www.mdivingshow.com\/ca\/wp-json\/wp\/v2\/media?parent=1031"}],"curies":[{"name":"wp","href":"https:\/\/api.w.org\/{rel}","templated":true}]}}