{"id":1026,"date":"2018-10-09T10:59:25","date_gmt":"2018-10-09T09:59:25","guid":{"rendered":"https:\/\/www.mdivingshow.com\/?page_id=1026"},"modified":"2026-04-22T13:04:57","modified_gmt":"2026-04-22T12:04:57","slug":"expositors","status":"publish","type":"page","link":"https:\/\/www.mdivingshow.com\/ca\/expositors\/","title":{"rendered":"Expositors"},"content":{"rendered":"<\/div><\/div><\/div><!-- close content main div --><\/div><\/div><div id='av_section_1' class='avia-section main_color avia-section-large avia-no-border-styling avia-full-stretch av-parallax-section av-section-color-overlay-active avia-bg-style-parallax   container_wrap sidebar_right'  data-section-bg-repeat='stretch' ><div class='av-parallax' data-avia-parallax-ratio='0.3' ><div class='av-parallax-inner main_color  avia-full-stretch' style = 'background-repeat: no-repeat; background-image: url(https:\/\/www.mdivingshow.com\/wp-content\/uploads\/2018\/10\/slider-expositores.jpg); background-attachment: scroll; background-position: center center; ' ><\/div><\/div><div class='av-section-color-overlay-wrap'><div class='av-section-color-overlay' style='opacity: 0.4; background-color: #000000; '><\/div><div class='container' ><div class='template-page content  av-content-small alpha units'><div class='post-entry post-entry-type-page post-entry-1026'><div class='entry-content-wrapper clearfix'>\n<div style='padding-bottom:10px;color:#ffffff;font-size:70px;' class='av-special-heading av-special-heading-h6 custom-color-heading blockquote modern-quote modern-centered  av-inherit-size '><h6 class='av-special-heading-tag '  itemprop=\"headline\"  >Expositors<\/h6><div class='special-heading-border'><div class='special-heading-inner-border' style='border-color:#ffffff'><\/div><\/div><\/div>\n<\/div><\/div><\/div><!-- close content main div --><\/div><\/div><\/div><div id='after_section_1' class='main_color av_default_container_wrap container_wrap sidebar_right'   ><div class='container' ><div class='template-page content  av-content-small alpha units'><div class='post-entry post-entry-type-page post-entry-1026'><div class='entry-content-wrapper clearfix'>\n<\/div><\/div><\/div><!-- close content main div --><\/div><\/div><div class='clear'><\/div><div id='sub_menu1' class='av-submenu-container main_color  av-sticky-submenu container_wrap sidebar_right'   style='z-index:301'><div class='container av-menu-mobile-disabled '><ul id='av-custom-submenu-1' class='av-subnav-menu av-submenu-pos-center'>\n<li class='menu-item menu-item-top-level  menu-item-top-level-1'><a href='#fitxa-tecnica' ><span class='avia-bullet'><\/span><span class='avia-menu-text'>Fitxa t\u00e8cnica<\/span><\/a><\/li>\n<li class='menu-item menu-item-top-level  menu-item-top-level-2'><a href='#stand-modular' ><span class='avia-bullet'><\/span><span class='avia-menu-text'>Stand Modular<\/span><\/a><\/li>\n<li class='menu-item menu-item-top-level  menu-item-top-level-3'><a href='#espai-lliure' ><span class='avia-bullet'><\/span><span class='avia-menu-text'>Espai Lliure<\/span><\/a><\/li>\n<li class='menu-item menu-item-top-level  menu-item-top-level-4'><a href='#pack-centres-de-busseig' ><span class='avia-bullet'><\/span><span class='avia-menu-text'>Pack Centres de Busseig<\/span><\/a><\/li>\n<li class='menu-item menu-item-top-level  menu-item-top-level-5'><a href='#llista-expositors' ><span class='avia-bullet'><\/span><span class='avia-menu-text'>Llista Expositors<\/span><\/a><\/li>\n<li class='menu-item menu-item-top-level  menu-item-top-level-6'><a href='#planol' ><span class='avia-bullet'><\/span><span class='avia-menu-text'>Pl\u00e0nol<\/span><\/a><\/li>\n<\/ul><\/div><\/div><div class='sticky_placeholder'><\/div>\n<\/div><\/div><\/div><!-- close content main div --><\/div><\/div><div id='fitxa-tecnica' class='av-layout-grid-container entry-content-wrapper main_color av-flex-cells    container_wrap sidebar_right'   >\n<div class=\"flex_cell no_margin av_one_half   \" style='vertical-align:middle; padding:50px; '><div class='flex_cell_inner' ><div class=\"flex_column av_one_full  flex_column_div av-zero-column-padding first  \" style='border-radius:0px; '><div class='avia-image-container  av-styling-    avia-align-center '  itemscope=\"itemscope\" itemtype=\"https:\/\/schema.org\/ImageObject\"  ><div class='avia-image-container-inner'><img class='avia_image ' src='https:\/\/www.mdivingshow.com\/wp-content\/uploads\/2018\/09\/galeria-fot10.jpg' alt='' title='galeria-fot10'   itemprop=\"thumbnailUrl\"  \/><\/div><\/div><\/div>\n<\/div><\/div><div class=\"flex_cell no_margin av_one_half   \" style='vertical-align:middle; padding:50px; background-color:#ffffff; '><div class='flex_cell_inner' ><p><section class=\"av_textblock_section \"  itemscope=\"itemscope\" itemtype=\"https:\/\/schema.org\/CreativeWork\" ><div class='avia_textblock  av_inherit_color '  style='font-size:35px; color:#000000; '  itemprop=\"text\" ><p>Fitxa t\u00e8cnica<\/p>\n<\/div><\/section><br \/>\n<section class=\"av_textblock_section \"  itemscope=\"itemscope\" itemtype=\"https:\/\/schema.org\/CreativeWork\" ><div class='avia_textblock  '   itemprop=\"text\" ><p><strong>Denominaci\u00f3:<\/strong> Mediterranean Diving Show<\/p>\n<p><strong>Lloc de celebraci\u00f3:<\/strong> Fira de Cornell\u00e0 \u2013 Tirso de Molina, 34 08940 Cornell\u00e0 de Llobregat &#8211; Barcelona<\/p>\n<p><strong>Dates:<\/strong> 12, 13 i 14 de mar\u00e7 2027<\/p>\n<p><strong>Dirigit a:<\/strong> Aficionats al submarinisme i professionals<\/p>\n<p><strong>Horaris:<\/strong> Divendres de 10 a 19h. Dissabte de 10 a 21h. Diumenge de 10 a 15h<\/p>\n<p><strong>Superf\u00edcie ocupada:<\/strong> 8.000 m2<\/p>\n<p><strong>Sectors:<\/strong> Fabricants material, centres i escoles d\u2019 immersi\u00f3, ag\u00e8ncies de viatge, destinacions tur\u00edstiques, organismes oficials\u2026<\/p>\n<p><strong>Web:<\/strong> www.mdivingshow.com<\/p>\n<p><strong>Activitats paral\u00b7leles<\/strong>: Jornades t\u00e8cniques, batejos d\u2019immersi\u00f3, exposicions&#8230;<\/p>\n<\/div><\/section><br \/>\n<div style='height:15px' class='hr hr-invisible  '><span class='hr-inner ' ><span class='hr-inner-style'><\/span><\/span><\/div><br \/>\n<div class='avia-button-wrap avia-button-left  '><a href='' class='avia-button   avia-icon_select-yes-left-icon avia-color-theme-color avia-size-medium avia-position-left '  target=\"_blank\"   ><span class='avia_button_icon avia_button_icon_left ' aria-hidden='true' data-av_icon='\ue82d' data-av_iconfont='entypo-fontello'><\/span><span class='avia_iconbox_title' >Descargar PDF<\/span><\/a><\/div><\/p>\n<\/div><\/div><\/div><\/div><\/div><\/div><!-- close content main div --><\/div><\/div><div id='stand-modular' class='av-layout-grid-container entry-content-wrapper main_color av-flex-cells    container_wrap sidebar_right'   >\n<div class=\"flex_cell no_margin av_one_half   \" style='vertical-align:middle; padding:50px; '><div class='flex_cell_inner' ><div class=\"flex_column av_one_full  flex_column_div first  \" style='padding:50px; border-radius:0px; '><p><section class=\"av_textblock_section \"  itemscope=\"itemscope\" itemtype=\"https:\/\/schema.org\/CreativeWork\" ><div class='avia_textblock  av_inherit_color '  style='font-size:35px; color:#000000; '  itemprop=\"text\" ><p>Estand Modular<\/p>\n<\/div><\/section><br \/>\n<section class=\"av_textblock_section \"  itemscope=\"itemscope\" itemtype=\"https:\/\/schema.org\/CreativeWork\" ><div class='avia_textblock  '   itemprop=\"text\" ><ul>\n<li>Inclou:<br \/>\nExemple estand de 4 x 3 ( 12 m2)<br \/>\no Moqueta color blau<br \/>\no Parets blanques<br \/>\no Friso blau<br \/>\no R\u00e8tol expositor groc<br \/>\no Il-luminaci\u00f3 per focos (50w \/m2)<br \/>\no Quadre general i xarxa magneto t\u00e8rmica<\/li>\n<\/ul>\n<\/div><\/section><br \/>\n<div style='height:15px' class='hr hr-invisible  '><span class='hr-inner ' ><span class='hr-inner-style'><\/span><\/span><\/div><br \/>\n<div class='avia-button-wrap avia-button-left  '><a href='' class='avia-button   avia-icon_select-yes-left-icon avia-color-theme-color avia-size-medium avia-position-left '  target=\"_blank\"   ><span class='avia_button_icon avia_button_icon_left ' aria-hidden='true' data-av_icon='\ue82d' data-av_iconfont='entypo-fontello'><\/span><span class='avia_iconbox_title' >Descarregar PDF<\/span><\/a><\/div><\/p><\/div>\n<\/div><\/div><div class=\"flex_cell no_margin av_one_half   \" style='vertical-align:middle; padding:50px; background-color:#ffffff; '><div class='flex_cell_inner' ><div class='avia-image-container  av-styling-    avia-align-center '  itemscope=\"itemscope\" itemtype=\"https:\/\/schema.org\/ImageObject\"  ><div class='avia-image-container-inner'><img class='avia_image ' src='https:\/\/www.mdivingshow.com\/wp-content\/uploads\/2018\/09\/STAND-FOT1.jpg' alt='' title='STAND-FOT1'   itemprop=\"thumbnailUrl\"  \/><\/div><\/div>\n<\/div><\/div>\n<\/div><\/p>\n<\/div><\/div><\/div><!-- close content main div --><\/div><\/div><div id='espai-lliure' class='av-layout-grid-container entry-content-wrapper main_color av-flex-cells    container_wrap sidebar_right'   >\n<div class=\"flex_cell no_margin av_one_half   \" style='vertical-align:middle; padding:50px; '><div class='flex_cell_inner' ><div class='avia-image-container  av-styling-     avia-align-center '  itemscope=\"itemscope\" itemtype=\"https:\/\/schema.org\/ImageObject\"  ><div class='avia-image-container-inner'><img class='avia_image ' src='https:\/\/www.mdivingshow.com\/wp-content\/uploads\/2022\/02\/EspacioLibre.jpg' alt='' title='EspacioLibre'   itemprop=\"thumbnailUrl\"  \/><\/div><\/div>\n<\/div><\/div><div class=\"flex_cell no_margin av_one_half   \" style='vertical-align:middle; padding:50px; '><div class='flex_cell_inner' ><p><section class=\"av_textblock_section \"  itemscope=\"itemscope\" itemtype=\"https:\/\/schema.org\/CreativeWork\" ><div class='avia_textblock  av_inherit_color '  style='font-size:35px; color:#000000; '  itemprop=\"text\" ><p>Espai Lliure<\/p>\n<\/div><\/section><br \/>\n<section class=\"av_textblock_section \"  itemscope=\"itemscope\" itemtype=\"https:\/\/schema.org\/CreativeWork\" ><div class='avia_textblock  '   itemprop=\"text\" ><p>Inclou nom\u00e9s l\u2019ocupaci\u00f3 del s\u00f2l (sense conexi\u00f3 el\u00e8ctrica).<\/p>\n<p>L&#8217;opci\u00f3 per dissenyar la teva pr\u00f2pia estructura.<\/p>\n<\/div><\/section><br \/>\n<div style='height:15px' class='hr hr-invisible  '><span class='hr-inner ' ><span class='hr-inner-style'><\/span><\/span><\/div><br \/>\n<div class='avia-button-wrap avia-button-left  '><a href='' class='avia-button   avia-icon_select-yes-left-icon avia-color-theme-color avia-size-medium avia-position-left '  target=\"_blank\"   ><span class='avia_button_icon avia_button_icon_left ' aria-hidden='true' data-av_icon='\ue82d' data-av_iconfont='entypo-fontello'><\/span><span class='avia_iconbox_title' >Descarregar PDF<\/span><\/a><\/div><\/p>\n<\/div><\/div>\n<\/div>\n<\/div><\/div><\/div><!-- close content main div --><\/div><\/div><div id='pack-centres-de-busseig' class='av-layout-grid-container entry-content-wrapper main_color av-flex-cells    container_wrap sidebar_right'   >\n<div class=\"flex_cell no_margin av_one_half   \" style='vertical-align:middle; padding:50px 50px 50px 100px ; '><div class='flex_cell_inner' ><p><section class=\"av_textblock_section \"  itemscope=\"itemscope\" itemtype=\"https:\/\/schema.org\/CreativeWork\" ><div class='avia_textblock  av_inherit_color '  style='font-size:35px; color:#000000; '  itemprop=\"text\" ><p>Pack centres de busseig<\/p>\n<\/div><\/section><br \/>\n<section class=\"av_textblock_section \"  itemscope=\"itemscope\" itemtype=\"https:\/\/schema.org\/CreativeWork\" ><div class='avia_textblock  '   itemprop=\"text\" ><p><strong>Pack per a centres de busseig de 6m2\u00a0 (3 x 2)<\/strong><\/p>\n<ul>\n<li>Moqueta color blau<\/li>\n<li>Parets blanques<\/li>\n<li>Friso blau<\/li>\n<li>R\u00e8tol expositor<\/li>\n<li>Il.Iuminaci\u00f3 per focos (50w \/m2)<\/li>\n<li>Quadre general i xarxa magneto t\u00e8rmica<\/li>\n<li>Opcional un mostrador blanc m\u00e9s una cadira:\n<ul>\n<li>Preu amb mobiliari (mostrador+cadira)<\/li>\n<li>Preu sense mobiliari<\/li>\n<\/ul>\n<\/li>\n<\/ul>\n<\/div><\/section><br \/>\n<div style='height:15px' class='hr hr-invisible  '><span class='hr-inner ' ><span class='hr-inner-style'><\/span><\/span><\/div><br \/>\n<div class='avia-button-wrap avia-button-left  '><a href='' class='avia-button   avia-icon_select-yes-left-icon avia-color-theme-color avia-size-medium avia-position-left '  target=\"_blank\"   ><span class='avia_button_icon avia_button_icon_left ' aria-hidden='true' data-av_icon='\ue82d' data-av_iconfont='entypo-fontello'><\/span><span class='avia_iconbox_title' >Descarregar PDF<\/span><\/a><\/div><\/p>\n<\/div><\/div><div class=\"flex_cell no_margin av_one_half   \" style='vertical-align:middle; padding:50px; '><div class='flex_cell_inner' ><div class='avia-image-container  av-styling-    avia-align-center '  itemscope=\"itemscope\" itemtype=\"https:\/\/schema.org\/ImageObject\"  ><div class='avia-image-container-inner'><img class='avia_image ' src='https:\/\/www.mdivingshow.com\/wp-content\/uploads\/2018\/09\/STAND-FOT2.jpg' alt='' title='STAND-FOT2'   itemprop=\"thumbnailUrl\"  \/><\/div><\/div>\n<\/div><\/div>\n<\/div>\n<\/div><\/div><\/div><!-- close content main div --><\/div><\/div><div id='llista-expositors' class='avia-section main_color avia-section-no-padding avia-no-border-styling avia-bg-style-scroll    av-minimum-height av-minimum-height-custom container_wrap sidebar_right'   ><div class='container' style='height:1px'><div class='template-page content  av-content-small alpha units'><div class='post-entry post-entry-type-page post-entry-1026'><div class='entry-content-wrapper clearfix'>\n<div class=\"flex_column av_one_full  flex_column_div av-zero-column-padding first  \" style='border-radius:0px; '><section class=\"av_textblock_section \"  itemscope=\"itemscope\" itemtype=\"https:\/\/schema.org\/CreativeWork\" ><div class='avia_textblock  av_inherit_color '  style='font-size:35px; color:#000000; '  itemprop=\"text\" ><p style=\"text-align: center;\"><strong>Expositors 2026\u00a0<\/strong><\/p>\n<\/div><\/section><br \/>\n<section class=\"av_textblock_section \"  itemscope=\"itemscope\" itemtype=\"https:\/\/schema.org\/CreativeWork\" ><div class='avia_textblock  av_inherit_color '  style='font-size:35px; color:#000000; '  itemprop=\"text\" ><\/div><\/section><br \/>\n<div class='avia-button-wrap avia-button-center  '><a href='https:\/\/www.mdivingshow.com\/wp-content\/uploads\/2026\/03\/Catalogo-Expositores-2026.pdf' class='avia-button   avia-icon_select-yes-left-icon avia-color-theme-color avia-size-medium avia-position-center '  target=\"_blank\"   ><span class='avia_button_icon avia_button_icon_left ' aria-hidden='true' data-av_icon='\ue82d' data-av_iconfont='entypo-fontello'><\/span><span class='avia_iconbox_title' >Descarrgar PDF<\/span><\/a><\/div><\/p><\/div>\n<\/div><\/div><\/div><!-- close content main div --><\/div><\/div><div id='after_section_2' class='main_color av_default_container_wrap container_wrap sidebar_right'   ><div class='container' ><div class='template-page content  av-content-small alpha units'><div class='post-entry post-entry-type-page post-entry-1026'><div class='entry-content-wrapper clearfix'>\n<\/div><\/div><\/div><!-- close content main div --><\/div><\/div><div id='planol' class='av-layout-grid-container entry-content-wrapper main_color av-flex-cells    container_wrap sidebar_right'   >\n<div class=\"flex_cell no_margin av_one_half   \" style='vertical-align:middle; padding:50px 50px 50px 100px ; '><div class='flex_cell_inner' ><p><section class=\"av_textblock_section \"  itemscope=\"itemscope\" itemtype=\"https:\/\/schema.org\/CreativeWork\" ><div class='avia_textblock  av_inherit_color '  style='font-size:35px; color:#000000; '  itemprop=\"text\" ><p>Pl\u00e0nol 2026<\/p>\n<\/div><\/section><br \/>\n<section class=\"av_textblock_section \"  itemscope=\"itemscope\" itemtype=\"https:\/\/schema.org\/CreativeWork\" ><div class='avia_textblock  '   itemprop=\"text\" ><p>Consulta la disposici\u00f3 del pl\u00e0nol del MDS 2026<\/p>\n<\/div><\/section><br \/>\n<div class='avia-button-wrap avia-button-left  '><a href='https:\/\/www.mdivingshow.com\/wp-content\/uploads\/2026\/02\/Plano2026_19febrero.pdf' class='avia-button   avia-icon_select-yes-left-icon avia-color-theme-color avia-size-medium avia-position-left '  target=\"_blank\"   ><span class='avia_button_icon avia_button_icon_left ' aria-hidden='true' data-av_icon='\ue82d' data-av_iconfont='entypo-fontello'><\/span><span class='avia_iconbox_title' >Descarregar PDF<\/span><\/a><\/div><\/p>\n<\/div><\/div><div class=\"flex_cell no_margin av_one_half   \" style='vertical-align:middle; padding:50px; '><div class='flex_cell_inner' ><div class='avia-image-container  av-styling-     avia-align-center '  itemscope=\"itemscope\" itemtype=\"https:\/\/schema.org\/ImageObject\"  ><div class='avia-image-container-inner'><a href='https:\/\/www.mdivingshow.com\/wp-content\/uploads\/2025\/01\/Plano_gener.pdf' class='avia_image'   target=\"_blank\" ><img class='avia_image ' src='https:\/\/www.mdivingshow.com\/wp-content\/uploads\/2025\/01\/DSC_2394-scaled.jpg' alt='' title='DSC_2394'  itemprop=\"thumbnailUrl\"  \/><\/a><\/div><\/div>\n<\/div><\/div>\n<\/div>\n","protected":false},"excerpt":{"rendered":"","protected":false},"author":1,"featured_media":0,"parent":0,"menu_order":0,"comment_status":"closed","ping_status":"closed","template":"","meta":{"footnotes":""},"_links":{"self":[{"href":"https:\/\/www.mdivingshow.com\/ca\/wp-json\/wp\/v2\/pages\/1026"}],"collection":[{"href":"https:\/\/www.mdivingshow.com\/ca\/wp-json\/wp\/v2\/pages"}],"about":[{"href":"https:\/\/www.mdivingshow.com\/ca\/wp-json\/wp\/v2\/types\/page"}],"author":[{"embeddable":true,"href":"https:\/\/www.mdivingshow.com\/ca\/wp-json\/wp\/v2\/users\/1"}],"replies":[{"embeddable":true,"href":"https:\/\/www.mdivingshow.com\/ca\/wp-json\/wp\/v2\/comments?post=1026"}],"version-history":[{"count":236,"href":"https:\/\/www.mdivingshow.com\/ca\/wp-json\/wp\/v2\/pages\/1026\/revisions"}],"predecessor-version":[{"id":9408,"href":"https:\/\/www.mdivingshow.com\/ca\/wp-json\/wp\/v2\/pages\/1026\/revisions\/9408"}],"wp:attachment":[{"href":"https:\/\/www.mdivingshow.com\/ca\/wp-json\/wp\/v2\/media?parent=1026"}],"curies":[{"name":"wp","href":"https:\/\/api.w.org\/{rel}","templated":true}]}}