{"id":1021,"date":"2018-10-09T10:43:26","date_gmt":"2018-10-09T09:43:26","guid":{"rendered":"https:\/\/www.mdivingshow.com\/?page_id=1021"},"modified":"2018-10-11T12:53:30","modified_gmt":"2018-10-11T11:53:30","slug":"visitants","status":"publish","type":"page","link":"https:\/\/www.mdivingshow.com\/ca\/visitants\/","title":{"rendered":"Visitants"},"content":{"rendered":"<\/div><\/div><\/div><!-- close content main div --><\/div><\/div><div id='av_section_1' class='avia-section main_color avia-section-large avia-no-border-styling avia-full-stretch av-section-color-overlay-active avia-bg-style-scroll   container_wrap sidebar_right' style = 'background-repeat: no-repeat; background-image: url(https:\/\/www.mdivingshow.com\/wp-content\/uploads\/2018\/09\/slider-fot4.jpg); background-attachment: scroll; background-position: center center; ' data-section-bg-repeat='stretch' ><div class='av-section-color-overlay-wrap'><div class='av-section-color-overlay' style='opacity: 0.4; background-color: #000000; '><\/div><div class='container' ><div class='template-page content  av-content-small alpha units'><div class='post-entry post-entry-type-page post-entry-1021'><div class='entry-content-wrapper clearfix'>\n<div style='padding-bottom:10px;color:#ffffff;font-size:70px;' class='av-special-heading av-special-heading-h6 custom-color-heading blockquote modern-quote modern-centered  av-inherit-size '><h6 class='av-special-heading-tag '  itemprop=\"headline\"  >Visitants<\/h6><div class='special-heading-border'><div class='special-heading-inner-border' style='border-color:#ffffff'><\/div><\/div><\/div>\n<\/div><\/div><\/div><!-- close content main div --><\/div><\/div><\/div><div id='after_section_1' class='main_color av_default_container_wrap container_wrap sidebar_right'   ><div class='container' ><div class='template-page content  av-content-small alpha units'><div class='post-entry post-entry-type-page post-entry-1021'><div class='entry-content-wrapper clearfix'>\n<\/div><\/div><\/div><!-- close content main div --><\/div><\/div><div class='clear'><\/div><div id='sub_menu1' class='av-submenu-container main_color  av-sticky-submenu container_wrap sidebar_right'   style='z-index:301'><div class='container av-menu-mobile-disabled '><ul id='av-custom-submenu-1' class='av-subnav-menu av-submenu-pos-center'>\n<li class='menu-item menu-item-top-level  menu-item-top-level-1'><a href='#elrecinte' ><span class='avia-bullet'><\/span><span class='avia-menu-text'>El recinte<\/span><\/a><\/li>\n<li class='menu-item menu-item-top-level  menu-item-top-level-2'><a href='#com-arribar' ><span class='avia-bullet'><\/span><span class='avia-menu-text'>Com arribar<\/span><\/a><\/li>\n<li class='menu-item menu-item-top-level  menu-item-top-level-3'><a href='#mitjans-de-transport' ><span class='avia-bullet'><\/span><span class='avia-menu-text'>Mitjans de transport<\/span><\/a><\/li>\n<li class='menu-item menu-item-top-level  menu-item-top-level-4'><a href='#allotjament' ><span class='avia-bullet'><\/span><span class='avia-menu-text'>Allotjament<\/span><\/a><\/li>\n<\/ul><\/div><\/div><div class='sticky_placeholder'><\/div>\n<\/div><\/div><\/div><!-- close content main div --><\/div><\/div><div id='elrecinte' class='avia-section main_color avia-section-default avia-no-border-styling avia-bg-style-scroll   av-minimum-height av-minimum-height-50 container_wrap sidebar_right'   ><div class='container' ><div class='template-page content  av-content-small alpha units'><div class='post-entry post-entry-type-page post-entry-1021'><div class='entry-content-wrapper clearfix'>\n<div style='padding-bottom:10px;' class='av-special-heading av-special-heading-h3     '><h3 class='av-special-heading-tag '  itemprop=\"headline\"  >El recinte<\/h3><div class='special-heading-border'><div class='special-heading-inner-border' ><\/div><\/div><\/div>\n<div class=\"flex_column av_one_half  flex_column_div av-zero-column-padding first  \" style='border-radius:0px 0px 0px 0px ; '><div class='avia-image-container  av-styling-    avia-align-center '  itemscope=\"itemscope\" itemtype=\"https:\/\/schema.org\/ImageObject\"  ><div class='avia-image-container-inner'><img class='avia_image ' src='https:\/\/www.mdivingshow.com\/wp-content\/uploads\/2018\/09\/El-Recinto-Stands1.jpg' alt='' title='El Recinto - Stands1'   itemprop=\"thumbnailUrl\"  \/><\/div><\/div><\/div><div class=\"flex_column av_one_half  flex_column_div av-zero-column-padding   \" style='border-radius:0px; '><section class=\"av_textblock_section \"  itemscope=\"itemscope\" itemtype=\"https:\/\/schema.org\/CreativeWork\" ><div class='avia_textblock  '   itemprop=\"text\" ><p>L&#8217;activitat a Fira de Cornell\u00e0 ha estat continuada des que va obrir les portes el 1993. Posicionat com a recinte firal estrat\u00e8gic per les seves caracter\u00edstiques t\u00e8cniques i el seu empla\u00e7ament privilegiat, a pocs minuts de Barcelona i comunicat amb les millors infraestructures.<\/p>\n<p>La seva programaci\u00f3 anual inclou gran varietat d&#8217;esdeveniments com fires d&#8217;organitzaci\u00f3 pr\u00f2pia, salons de gesti\u00f3 privada, convencions d&#8217;empreses, trobades multitudin\u00e0ries, rodatge d&#8217;espots publicitaris, etc.<\/p>\n<p>Les caracter\u00edstiques del recinte firal permeten acollir tot tipus de muntatges com piscines, jocs infantils, grans escenaris, passarel\u00b7les de moda, etc. 8300m2 sense columnes, vers\u00e0tils i funcionals que garanteixen l&#8217;\u00e8xit de qualsevol esdeveniment.<\/p>\n<\/div><\/section><\/div>\n<\/div><\/div><\/div><!-- close content main div --><\/div><\/div><div id='after_section_2' class='main_color av_default_container_wrap container_wrap sidebar_right'   ><div class='container' ><div class='template-page content  av-content-small alpha units'><div class='post-entry post-entry-type-page post-entry-1021'><div class='entry-content-wrapper clearfix'>\n<\/div><\/div><\/div><!-- close content main div --><\/div><\/div><div id='com-arribar' class='avia-section main_color avia-section-default avia-no-border-styling avia-bg-style-scroll   av-minimum-height av-minimum-height-50 container_wrap sidebar_right'   ><div class='container' ><div class='template-page content  av-content-small alpha units'><div class='post-entry post-entry-type-page post-entry-1021'><div class='entry-content-wrapper clearfix'>\n<div style='padding-bottom:10px;' class='av-special-heading av-special-heading-h3     '><h3 class='av-special-heading-tag '  itemprop=\"headline\"  >Com arribar<\/h3><div class='special-heading-border'><div class='special-heading-inner-border' ><\/div><\/div><\/div>\n<div class=\"flex_column av_one_half  flex_column_div av-zero-column-padding first  \" style='border-radius:0px 0px 0px 0px ; '><section class=\"av_textblock_section \"  itemscope=\"itemscope\" itemtype=\"https:\/\/schema.org\/CreativeWork\" ><div class='avia_textblock  '   itemprop=\"text\" ><p><iframe loading=\"lazy\" style=\"border: 0;\" src=\"https:\/\/www.google.com\/maps\/embed?pb=!1m18!1m12!1m3!1d2117.85791855071!2d2.0814044328659365!3d41.35010638894124!2m3!1f0!2f0!3f0!3m2!1i1024!2i768!4f13.1!3m3!1m2!1s0x12a4994937261b63%3A0x399a7e160c8d3072!2sFira+de+Cornell%C3%A0!5e0!3m2!1ses!2ses!4v1538126017064\" width=\"600\" height=\"450\" frameborder=\"0\" allowfullscreen=\"allowfullscreen\" data-mce-fragment=\"1\"><\/iframe><\/p>\n<\/div><\/section><\/div><div class=\"flex_column av_one_half  flex_column_div av-zero-column-padding   \" style='border-radius:0px 0px 0px 0px ; '><p><div style='height:20px' class='hr hr-invisible  '><span class='hr-inner ' ><span class='hr-inner-style'><\/span><\/span><\/div><br \/>\n<section class=\"av_textblock_section \"  itemscope=\"itemscope\" itemtype=\"https:\/\/schema.org\/CreativeWork\" ><div class='avia_textblock  '   itemprop=\"text\" ><div class=\"moduletable\">\n<div class=\"moduleTitle\">\n<h3>Adre\u00e7a<\/h3>\n<\/div>\n<div class=\"jbmoduleBody\">\n<p><strong>Fira de Cornell\u00e0<\/strong><br \/>\nc\/ Tirso de Molina, 34<br \/>\n08940 Cornell\u00e0 de Llobregat<br \/>\nBarcelona<br \/>\nTel. 93 474 02 02<\/p>\n<\/div>\n<\/div>\n<\/div><\/section><\/p><\/div>\n<\/div><\/div><\/div><!-- close content main div --><\/div><\/div><div id='after_section_3' class='main_color av_default_container_wrap container_wrap sidebar_right'   ><div class='container' ><div class='template-page content  av-content-small alpha units'><div class='post-entry post-entry-type-page post-entry-1021'><div class='entry-content-wrapper clearfix'>\n<\/div><\/div><\/div><!-- close content main div --><\/div><\/div><div id='mitjans-de-transport' class='avia-section alternate_color avia-section-large avia-no-shadow avia-bg-style-scroll   container_wrap sidebar_right'   ><div class='container' ><div class='template-page content  av-content-small alpha units'><div class='post-entry post-entry-type-page post-entry-1021'><div class='entry-content-wrapper clearfix'>\n<div style='padding-bottom:10px;color:#ffffff;' class='av-special-heading av-special-heading-h3 custom-color-heading    '><h3 class='av-special-heading-tag '  itemprop=\"headline\"  >Mitjans de transport<\/h3><div class='special-heading-border'><div class='special-heading-inner-border' style='border-color:#ffffff'><\/div><\/div><\/div>\n<div style='height:30px' class='hr hr-invisible  '><span class='hr-inner ' ><span class='hr-inner-style'><\/span><\/span><\/div>\n<div class=\"flex_column av_one_third  flex_column_div av-zero-column-padding first  \" style='border-radius:0px; '><p><div class='avia-image-container  av-styling-    avia-align-center '  itemscope=\"itemscope\" itemtype=\"https:\/\/schema.org\/ImageObject\"  ><div class='avia-image-container-inner'><img class='avia_image ' src='https:\/\/www.mdivingshow.com\/wp-content\/uploads\/2018\/09\/icono-web-CERRETERA-80x80.png' alt='' title='icono-web-CERRETERA'   itemprop=\"thumbnailUrl\"  \/><\/div><\/div><br \/>\n<div style='padding-bottom:10px;color:#ffffff;' class='av-special-heading av-special-heading-h3 custom-color-heading blockquote modern-quote modern-centered   '><h3 class='av-special-heading-tag '  itemprop=\"headline\"  >ACC\u00c9S PER CARRETERA<\/h3><div class='special-heading-border'><div class='special-heading-inner-border' style='border-color:#ffffff'><\/div><\/div><\/div><br \/>\n<div style='height:10px' class='hr hr-invisible  '><span class='hr-inner ' ><span class='hr-inner-style'><\/span><\/span><\/div><br \/>\n<div class='avia-data-table-wrap avia_scrollable_table'><table class='avia-table avia-data-table avia-table-1  avia_pricing_default '  itemscope=\"itemscope\" itemtype=\"https:\/\/schema.org\/Table\" ><tbody><tr class=''><td class=''>B-10 <\/td><td class=''>Ronda Litoral<\/td><\/tr><tr class=''><td class=''>B-20<\/td><td class=''>Ronda de Dalt Sortida 15<\/td><\/tr><tr class=''><td class=''>A2<\/td><td class=''>Sortida 60<\/td><\/tr><\/tbody><\/table><\/div><\/p><\/div><div class=\"flex_column av_one_third  flex_column_div av-zero-column-padding   \" style='border-radius:0px; '><p><div class='avia-image-container  av-styling-    avia-align-center '  itemscope=\"itemscope\" itemtype=\"https:\/\/schema.org\/ImageObject\"  ><div class='avia-image-container-inner'><img class='avia_image ' src='https:\/\/www.mdivingshow.com\/wp-content\/uploads\/2018\/09\/icono-web-autobus-80x80.png' alt='' title='icono-web-autobus'   itemprop=\"thumbnailUrl\"  \/><\/div><\/div><br \/>\n<div style='padding-bottom:10px;color:#ffffff;' class='av-special-heading av-special-heading-h3 custom-color-heading blockquote modern-quote modern-centered   '><h3 class='av-special-heading-tag '  itemprop=\"headline\"  >AMB AUTOB\u00daS<\/h3><div class='special-heading-border'><div class='special-heading-inner-border' style='border-color:#ffffff'><\/div><\/div><\/div><br \/>\n<div style='height:10px' class='hr hr-invisible  '><span class='hr-inner ' ><span class='hr-inner-style'><\/span><\/span><\/div><br \/>\n<div class='avia-data-table-wrap avia_scrollable_table'><table class='avia-table avia-data-table avia-table-2  avia_pricing_default '  itemscope=\"itemscope\" itemtype=\"https:\/\/schema.org\/Table\" ><tbody><tr class=''><td class=''>L67<\/p>\n<p><\/td><\/tr><tr class=''><td class=''>L68<\/p>\n<p><\/td><\/tr><tr class=''><td class=''>L\u00ednia local 94<br \/>\n<\/td><\/tr><tr class=''><td class=''>L\u00ednia local 95<br \/>\n<\/td><\/tr><\/tbody><\/table><\/div><\/p><\/div><div class=\"flex_column av_one_third  flex_column_div av-zero-column-padding   \" style='border-radius:0px; '><p><div class='avia-image-container  av-styling-    avia-align-center '  itemscope=\"itemscope\" itemtype=\"https:\/\/schema.org\/ImageObject\"  ><div class='avia-image-container-inner'><img class='avia_image ' src='https:\/\/www.mdivingshow.com\/wp-content\/uploads\/2018\/09\/icono-web-otros-80x80.png' alt='' title='icono-web-otros'   itemprop=\"thumbnailUrl\"  \/><\/div><\/div><br \/>\n<div style='padding-bottom:10px;color:#ffffff;' class='av-special-heading av-special-heading-h3 custom-color-heading blockquote modern-quote modern-centered   '><h3 class='av-special-heading-tag '  itemprop=\"headline\"  >ALTRES<\/h3><div class='special-heading-border'><div class='special-heading-inner-border' style='border-color:#ffffff'><\/div><\/div><\/div><br \/>\n<div style='height:10px' class='hr hr-invisible  '><span class='hr-inner ' ><span class='hr-inner-style'><\/span><\/span><\/div><br \/>\n<div class='avia-data-table-wrap avia_scrollable_table'><table class='avia-table avia-data-table avia-table-3  avia_pricing_default '  itemscope=\"itemscope\" itemtype=\"https:\/\/schema.org\/Table\" ><tbody><tr class=''><td class=''>RENFE<\/td><td class=''>parada Cornell\u00e0 (a 15 min. a peu)<\/td><\/tr><tr class=''><td class=''>METRO L5<\/td><td class=''>parada Cornell\u00e0 (a 15 min. a peu)<\/td><\/tr><tr class=''><td class=''>TRAMBAIX<\/td><td class=''>parada Cornell\u00e0 Centre (a 15 min. a peu)<\/td><\/tr><tr class=''><td class=''>FGC<\/td><td class=''>parada Almeda (a 5 min. a peu)<\/td><\/tr><\/tbody><\/table><\/div><\/p><\/div><\/div><\/div><\/div><!-- close content main div --><\/div><\/div><div id='after_section_4' class='main_color av_default_container_wrap container_wrap sidebar_right'   ><div class='container' ><div class='template-page content  av-content-small alpha units'><div class='post-entry post-entry-type-page post-entry-1021'><div class='entry-content-wrapper clearfix'><\/div><\/div><\/div><!-- close content main div --><\/div><\/div><div id='allotjament' class='avia-section main_color avia-section-default avia-no-shadow avia-bg-style-scroll   container_wrap sidebar_right'   ><div class='container' ><div class='template-page content  av-content-small alpha units'><div class='post-entry post-entry-type-page post-entry-1021'><div class='entry-content-wrapper clearfix'>\n<div class=\"flex_column av_one_full  flex_column_div av-zero-column-padding first  \" style='border-radius:0px; '><div style='padding-bottom:10px;color:#020202;' class='av-special-heading av-special-heading-h3 custom-color-heading    '><h3 class='av-special-heading-tag '  itemprop=\"headline\"  >Allotjament<\/h3><div class='special-heading-border'><div class='special-heading-inner-border' style='border-color:#020202'><\/div><\/div><\/div><\/div><div class=\"flex_column av_one_half  flex_column_div av-zero-column-padding first  \" style='border-radius:0px; '><p><div style='padding-bottom:20px;font-size:34px;' class='av-special-heading av-special-heading-h3  blockquote modern-quote modern-centered  av-inherit-size '><h3 class='av-special-heading-tag '  itemprop=\"headline\"  >CORNELL\u00c0 DE LLOBREGAT (ordenats per proximitat)<\/h3><div class='special-heading-border'><div class='special-heading-inner-border' ><\/div><\/div><\/div><br \/>\n<section class=\"av_textblock_section \"  itemscope=\"itemscope\" itemtype=\"https:\/\/schema.org\/CreativeWork\" ><div class='avia_textblock  '   itemprop=\"text\" ><p style=\"text-align: center;\"><strong>HOTEL IBIS FIRA DE CORNELL\u00c0 2*<br \/>\n<\/strong>Albert Einstein, 53 &#8211; 55<br \/>\nTel. 93 475 17 77<br \/>\n<a href=\"https:\/\/ibis.accorhotels.com\/espana\/index.es.shtml\" target=\"_blank\" rel=\"noopener\">www.ibishotel.com<\/a><\/p>\n<p style=\"text-align: center;\"><strong>HOTEL CAMPANILE 3*<\/strong><br \/>\nAv. Del Maresme, 7<br \/>\nTel. 93 377 21 01<br \/>\n<a href=\"https:\/\/www.campanile.com\/es\" target=\"_blank\" rel=\"noopener\">www.campanile.com<\/a><\/p>\n<p style=\"text-align: center;\"><strong>NOVOTEL CORNELL\u00c0 4 * <\/strong><br \/>\nAv. Del Maresme, 78<br \/>\nTel. 93 474 70 00<br \/>\n<a href=\"https:\/\/novotel.accorhotels.com\/es\/espana\/index.shtml\" target=\"_blank\" rel=\"noopener\">www.novotel.com<\/a><\/p>\n<p style=\"text-align: center;\"><strong>HOTEL NH CORNELL\u00c0 3*<br \/>\n<\/strong>Av Can Corts, 11-13<br \/>\nTel. 93 475 08 95<br \/>\n<a href=\"https:\/\/www.nh-hotels.com\/\" target=\"_blank\" rel=\"noopener\">www.nh-hotels.com<\/a><\/p>\n<p style=\"text-align: center;\"><strong>HOSTAL RESTAURANTE CORNELL\u00c0<br \/>\n<\/strong>Carretera d&#8217;Esplugues, 135<br \/>\nTel. 93 376 50 96<br \/>\n<a href=\"http:\/\/www.abaco.ya.com\/hostalcornella\" target=\"_blank\" rel=\"noopener\">www.abaco.ya.com\/hostalcornella<\/a><\/p>\n<\/div><\/section><\/p><\/div><div class=\"flex_column av_one_half  flex_column_div av-zero-column-padding   \" style='border-radius:0px; '><p><div style='padding-bottom:20px;font-size:34px;' class='av-special-heading av-special-heading-h3  blockquote modern-quote modern-centered  av-inherit-size '><h3 class='av-special-heading-tag '  itemprop=\"headline\"  >POBLACIONS PROPERES<\/h3><div class='special-heading-border'><div class='special-heading-inner-border' ><\/div><\/div><\/div><br \/>\n<section class=\"av_textblock_section \"  itemscope=\"itemscope\" itemtype=\"https:\/\/schema.org\/CreativeWork\" ><div class='avia_textblock  '   itemprop=\"text\" ><p style=\"text-align: center;\"><strong>HOSTAL LAMI<br \/>\n<\/strong>Laure\u00e0 Mir\u00f3, 278<br \/>\n08950 Esplugues de Llobregat<br \/>\nTel. 93 470 58 70<br \/>\n<a href=\"http:\/\/www.hostal-lami.com\/\" target=\"_blank\" rel=\"noopener\">www.hostal-lami.com<\/a><\/p>\n<p style=\"text-align: center;\"><strong>NOVOTEL ACCOR 4*<br \/>\n<\/strong>Carrer de la TV3 N\u00ba 2<br \/>\n08970 Sant Joan Desp\u00ed<br \/>\nTel. 93 475 58 00<br \/>\n<a href=\"http:\/\/www.novotel.com\" target=\"_blank\" rel=\"noopener\">www.novotel.com<\/a><\/p>\n<p style=\"text-align: center;\"><strong>HOTEL SANT JUST 4*<br \/>\n<\/strong>Frederic Mompou, 1<br \/>\n08960 Sant Just Desvern<br \/>\nTel. 93 473 25 17<br \/>\n<a href=\"http:\/\/www.hesperia.es\" target=\"_blank\" rel=\"noopener\">www.hesperia.es<\/a><\/p>\n<p style=\"text-align: center;\"><strong>HOTEL CENTRO 1*<\/strong><br \/>\nLaure\u00e0 Mir\u00f3, 182<br \/>\n08980 Sant Feliu de Llobregat<br \/>\nTel. 93 666 10 01<br \/>\n<a href=\"http:\/\/www.hesperia.es\" target=\"_blank\" rel=\"noopener\">www.hotelcentro.es<\/a><\/p>\n<\/div><\/section><\/p><\/div>\n<\/div><\/div><\/div><!-- close content main div --><\/div><\/div><div id='after_section_5' class='main_color av_default_container_wrap container_wrap sidebar_right'   ><div class='container' ><div class='template-page content  av-content-small alpha units'><div class='post-entry post-entry-type-page post-entry-1021'><div class='entry-content-wrapper clearfix'><\/p>\n","protected":false},"excerpt":{"rendered":"","protected":false},"author":1,"featured_media":0,"parent":0,"menu_order":0,"comment_status":"closed","ping_status":"closed","template":"","meta":{"footnotes":""},"_links":{"self":[{"href":"https:\/\/www.mdivingshow.com\/ca\/wp-json\/wp\/v2\/pages\/1021"}],"collection":[{"href":"https:\/\/www.mdivingshow.com\/ca\/wp-json\/wp\/v2\/pages"}],"about":[{"href":"https:\/\/www.mdivingshow.com\/ca\/wp-json\/wp\/v2\/types\/page"}],"author":[{"embeddable":true,"href":"https:\/\/www.mdivingshow.com\/ca\/wp-json\/wp\/v2\/users\/1"}],"replies":[{"embeddable":true,"href":"https:\/\/www.mdivingshow.com\/ca\/wp-json\/wp\/v2\/comments?post=1021"}],"version-history":[{"count":12,"href":"https:\/\/www.mdivingshow.com\/ca\/wp-json\/wp\/v2\/pages\/1021\/revisions"}],"predecessor-version":[{"id":1342,"href":"https:\/\/www.mdivingshow.com\/ca\/wp-json\/wp\/v2\/pages\/1021\/revisions\/1342"}],"wp:attachment":[{"href":"https:\/\/www.mdivingshow.com\/ca\/wp-json\/wp\/v2\/media?parent=1021"}],"curies":[{"name":"wp","href":"https:\/\/api.w.org\/{rel}","templated":true}]}}