{"id":1003,"date":"2018-10-09T10:34:28","date_gmt":"2018-10-09T09:34:28","guid":{"rendered":"https:\/\/www.mdivingshow.com\/?page_id=1003"},"modified":"2023-10-13T09:37:39","modified_gmt":"2023-10-13T08:37:39","slug":"nosaltres","status":"publish","type":"page","link":"https:\/\/www.mdivingshow.com\/ca\/nosaltres\/","title":{"rendered":"Nosaltres"},"content":{"rendered":"<\/div><\/div><\/div><!-- close content main div --><\/div><\/div><div id='av_section_1' class='avia-section main_color avia-section-large avia-no-border-styling avia-full-stretch av-section-color-overlay-active avia-bg-style-scroll   container_wrap sidebar_right' style = 'background-repeat: no-repeat; background-image: url(https:\/\/www.mdivingshow.com\/wp-content\/uploads\/2018\/09\/slider-fot4.jpg); background-attachment: scroll; background-position: center center; ' data-section-bg-repeat='stretch' ><div class='av-section-color-overlay-wrap'><div class='av-section-color-overlay' style='opacity: 0.4; background-color: #000000; '><\/div><div class='container' ><div class='template-page content  av-content-small alpha units'><div class='post-entry post-entry-type-page post-entry-1003'><div class='entry-content-wrapper clearfix'>\n<div style='padding-bottom:10px;color:#ffffff;font-size:70px;' class='av-special-heading av-special-heading-h6 custom-color-heading blockquote modern-quote modern-centered  av-inherit-size '><h6 class='av-special-heading-tag '  itemprop=\"headline\"  >Nosaltres<\/h6><div class='special-heading-border'><div class='special-heading-inner-border' style='border-color:#ffffff'><\/div><\/div><\/div>\n<\/div><\/div><\/div><!-- close content main div --><\/div><\/div><\/div><div id='after_section_1' class='main_color av_default_container_wrap container_wrap sidebar_right'   ><div class='container' ><div class='template-page content  av-content-small alpha units'><div class='post-entry post-entry-type-page post-entry-1003'><div class='entry-content-wrapper clearfix'>\n<\/div><\/div><\/div><!-- close content main div --><\/div><\/div><div id='av_section_2' class='avia-section main_color avia-section-default avia-no-shadow avia-bg-style-scroll   container_wrap sidebar_right'   ><div class='container' ><div class='template-page content  av-content-small alpha units'><div class='post-entry post-entry-type-page post-entry-1003'><div class='entry-content-wrapper clearfix'>\n<div class=\"flex_column av_one_half  av-animated-generic bottom-to-top  flex_column_div av-zero-column-padding first  \" style='border-radius:0px; '><p><div style='padding-bottom:20px;font-size:34px;' class='av-special-heading av-special-heading-h3  blockquote modern-quote   av-inherit-size '><h3 class='av-special-heading-tag '  itemprop=\"headline\"  >Qu\u00e8 poden trobar en el Mediterranean Diving Show?<\/h3><div class='special-heading-border'><div class='special-heading-inner-border' ><\/div><\/div><\/div><br \/>\n<section class=\"av_textblock_section \"  itemscope=\"itemscope\" itemtype=\"https:\/\/schema.org\/CreativeWork\" ><div class='avia_textblock  '   itemprop=\"text\" ><p>Un any m\u00e9s ens convertirem en referent per als professionals, aficionats i practicants d&#8217;aquest sector. A la nostra fira poden con\u00e8ixer in situ les novetats del m\u00f3n de les activitats subaqu\u00e0tiques, els materials m\u00e9s innovadors per al busseig t\u00e8cnic i esportiu, les millors ofertes en destinacions, les did\u00e0ctiques i escoles de busseig amb les propostes m\u00e9s interessants, el m\u00e9s nou quant a indument\u00e0ria i tot el material que es necessita per a la pr\u00e0ctica d&#8217;immersions de qualsevol nivell.<\/p>\n<p>Centres i escoles de busseig, associacions i entitats dedicades al m\u00f3n de la formaci\u00f3 i la titulaci\u00f3 subaqu\u00e0tica, ag\u00e8ncies de viatge expertes en viatges de busseig, revistes especialitzades, did\u00e0ctiques, fabricants, distribu\u00efdors, botigues especialitzades, organitzacions professionals, institucions i oficines de turisme. Tot el que es necessita per submergir-se en la pr\u00e0ctica o en l&#8217;especialitzaci\u00f3 del busseig.<\/p>\n<\/div><\/section><\/p><\/div><div class=\"flex_column av_one_half  av-animated-generic bottom-to-top  flex_column_div av-zero-column-padding   \" style='border-radius:0px; '><p><div style='padding-bottom:20px;font-size:34px;' class='av-special-heading av-special-heading-h3  blockquote modern-quote   av-inherit-size '><h3 class='av-special-heading-tag '  itemprop=\"headline\"  >El nostre objectiu<\/h3><div class='special-heading-border'><div class='special-heading-inner-border' ><\/div><\/div><\/div><br \/>\n<section class=\"av_textblock_section \"  itemscope=\"itemscope\" itemtype=\"https:\/\/schema.org\/CreativeWork\" ><div class='avia_textblock  '   itemprop=\"text\" ><p>Esperem que gaudeixis en el qu\u00e8 s&#8217;ha consolidat com el major aparador de submarinisme a Espanya. Posicionada entre les millors fires del sector a Europa, el Mediterranean Diving Show torna aquest any amb interessants novetats perqu\u00e8 gaudeixis de la teva visita.<\/p>\n<p>A m\u00e9s de la superf\u00edcie expositiva cal afegir la m\u00e0xima expectaci\u00f3 que es centra en la piscina que instal\u00b7lem a l&#8217;interior del recinte firal i en la qual els petits poden practicar el seu primer bateig d&#8217;immersi\u00f3 i on fabricants i prove\u00efdors poden fer demostracions dels seus productes i materials . De forma paral\u00b7lela a les Jornades T\u00e8cniques es debaten temes d&#8217;actualitat posant de manifest noves tend\u00e8ncies, novetats i normatives.<\/p>\n<p>T&#8217;esperem al Mediterranean Diving Show!<\/p>\n<\/div><\/section><\/p><\/div>\n<\/div><\/div><\/div><!-- close content main div --><\/div><\/div><div id='after_section_2' class='main_color av_default_container_wrap container_wrap sidebar_right'   ><div class='container' ><div class='template-page content  av-content-small alpha units'><div class='post-entry post-entry-type-page post-entry-1003'><div class='entry-content-wrapper clearfix'>\n<\/div><\/div><\/div><!-- close content main div --><\/div><\/div><div id='av_section_3' class='avia-section main_color avia-section-large avia-no-border-styling av-parallax-section av-section-color-overlay-active avia-bg-style-parallax   container_wrap sidebar_right'  data-section-bg-repeat='no-repeat' ><div class='av-parallax' data-avia-parallax-ratio='0.3' ><div class='av-parallax-inner main_color  avia-full-stretch' style = 'background-repeat: no-repeat; background-image: url(https:\/\/www.mdivingshow.com\/wp-content\/uploads\/2018\/10\/imgfooter-1.jpg); background-attachment: scroll; background-position: center center; ' ><\/div><\/div><div class='av-section-color-overlay-wrap'><div class='av-section-color-overlay' style='opacity: 0.4; background-color: #000000; '><\/div><div class='container' ><div class='template-page content  av-content-small alpha units'><div class='post-entry post-entry-type-page post-entry-1003'><div class='entry-content-wrapper clearfix'>\n<div class=\"flex_column av_one_fifth  flex_column_div first  \" ><div  class=\"avia-animated-number av-force-default-color  avia-color-font-light   avia_animate_when_visible\" ><strong class=\"heading avia-animated-number-title\" ><span class=\"avia-single-number __av-single-number\" data-number=\"24\">24<\/span><\/strong><div class='avia-animated-number-content' ><p>Anys d&#8217;obertura<\/p>\n<\/div><\/div><\/div><div class=\"flex_column av_one_fifth  flex_column_div av-zero-column-padding   \" style='border-radius:0px; '><div  class=\"avia-animated-number av-force-default-color  avia-color-font-light  avia_animate_when_visible\" ><strong class=\"heading avia-animated-number-title\" ><span class=\"avia-single-number __av-single-number\" data-number=\"50\">50<\/span><\/strong><div class='avia-animated-number-content' ><p>Patrocinadors<\/p>\n<\/div><\/div><\/div><div class=\"flex_column av_one_fifth  flex_column_div av-zero-column-padding   \" style='border-radius:0px; '><div  class=\"avia-animated-number av-force-default-color  avia-color-font-light  avia_animate_when_visible\" ><strong class=\"heading avia-animated-number-title\" ><span class=\"avia-single-number __av-single-number\" data-number=\"250\">250<\/span><\/strong><div class='avia-animated-number-content' ><p>Expositors<\/p>\n<\/div><\/div><\/div><div class=\"flex_column av_one_fifth  flex_column_div av-zero-column-padding   \" style='border-radius:0px; '><div  class=\"avia-animated-number av-force-default-color  avia-color-font-light  avia_animate_when_visible\" ><strong class=\"heading avia-animated-number-title\" ><span class=\"avia-single-number __av-single-number\" data-number=\"15\">15<\/span><span class=\"avia-no-number\">.<\/span><span class=\"avia-single-number __av-single-number\" data-number=\"000\">000<\/span><\/strong><div class='avia-animated-number-content' ><p>Visitants<\/p>\n<\/div><\/div><\/div><div class=\"flex_column av_one_fifth  flex_column_div av-zero-column-padding   \" style='border-radius:0px; '><div  class=\"avia-animated-number av-force-default-color  avia-color-font-light  avia_animate_when_visible\" ><strong class=\"heading avia-animated-number-title\" ><span class=\"avia-single-number __av-single-number\" data-number=\"40\">40<\/span><\/strong><div class='avia-animated-number-content' ><p>Activitats Paral\u00b7leles<\/p>\n<\/div><\/div><\/div><\/div><\/div><\/div><!-- close content main div --><\/div><\/div><\/div><div id='after_section_3' class='main_color av_default_container_wrap container_wrap sidebar_right'   ><div class='container' ><div class='template-page content  av-content-small alpha units'><div class='post-entry post-entry-type-page post-entry-1003'><div class='entry-content-wrapper clearfix'>\n","protected":false},"excerpt":{"rendered":"","protected":false},"author":1,"featured_media":0,"parent":0,"menu_order":0,"comment_status":"open","ping_status":"open","template":"","meta":{"footnotes":""},"_links":{"self":[{"href":"https:\/\/www.mdivingshow.com\/ca\/wp-json\/wp\/v2\/pages\/1003"}],"collection":[{"href":"https:\/\/www.mdivingshow.com\/ca\/wp-json\/wp\/v2\/pages"}],"about":[{"href":"https:\/\/www.mdivingshow.com\/ca\/wp-json\/wp\/v2\/types\/page"}],"author":[{"embeddable":true,"href":"https:\/\/www.mdivingshow.com\/ca\/wp-json\/wp\/v2\/users\/1"}],"replies":[{"embeddable":true,"href":"https:\/\/www.mdivingshow.com\/ca\/wp-json\/wp\/v2\/comments?post=1003"}],"version-history":[{"count":8,"href":"https:\/\/www.mdivingshow.com\/ca\/wp-json\/wp\/v2\/pages\/1003\/revisions"}],"predecessor-version":[{"id":7225,"href":"https:\/\/www.mdivingshow.com\/ca\/wp-json\/wp\/v2\/pages\/1003\/revisions\/7225"}],"wp:attachment":[{"href":"https:\/\/www.mdivingshow.com\/ca\/wp-json\/wp\/v2\/media?parent=1003"}],"curies":[{"name":"wp","href":"https:\/\/api.w.org\/{rel}","templated":true}]}}